{"id":529,"date":"2021-12-13T16:25:00","date_gmt":"2021-12-13T15:25:00","guid":{"rendered":"https:\/\/www.castellucciabogados.com\/home\/"},"modified":"2021-12-17T18:04:30","modified_gmt":"2021-12-17T17:04:30","slug":"home","status":"publish","type":"page","link":"https:\/\/www.castellucciabogados.com\/en\/","title":{"rendered":"Home"},"content":{"rendered":"<section class=\"gb-container gb-container-322adeca\"><div class=\"gb-inside-container\">\n\n<h1 class=\"gb-headline gb-headline-154f46aa gb-headline-text\">Law Firm in Madrid<\/h1>\n\n<\/div><\/section>\n\n<section class=\"gb-container gb-container-8b5a7490\"><div class=\"gb-inside-container\">\n\n<h2 class=\"gb-headline gb-headline-c7314f8b gb-headline-text\">Our areas of practice<\/h2>\n\n<\/div><\/section>\n\n<section class=\"gb-container gb-container-76a09afe\"><div class=\"gb-inside-container\">\n<div class=\"gb-grid-wrapper gb-grid-wrapper-893b38d6\">\n<div class=\"gb-grid-column gb-grid-column-254531e3\"><div class=\"gb-container gb-container-254531e3\"><div class=\"gb-inside-container\">\n\n<h3 class=\"gb-headline gb-headline-ac35fce4 gb-headline-text\">Employment Law<\/h3>\n\n\n\n<p class=\"gb-headline gb-headline-bc22367a gb-headline-text\">The Castellucci Law Firm provides professional legal advice to a large number of workers who seek assistance in the unfortunate event of a conflict arising in their workplace.<\/p>\n\n\n<div class=\"gb-button-wrapper gb-button-wrapper-f26eb2f7\">\n\n<a class=\"gb-button gb-button-07aa987c gb-button-text\" href=\"areas-de-practica\/derecho-laboral\/\">More information<\/a>\n\n<\/div>\n<\/div><\/div><\/div>\n\n<div class=\"gb-grid-column gb-grid-column-a24b3213\"><div class=\"gb-container gb-container-a24b3213\"><div class=\"gb-inside-container\">\n\n<h3 class=\"gb-headline gb-headline-2fa45984 gb-headline-text\">Family Law<\/h3>\n\n\n\n<p class=\"gb-headline gb-headline-89b17915 gb-headline-text\">Without ever forgetting the human side of every case, the staff of Castellucci Law Firm is always ready to effectively, professionally, and transparently deal with all the situations that may arise in the context of a family, considered in broadest definition. <\/p>\n\n\n<div class=\"gb-button-wrapper gb-button-wrapper-76b5204a\">\n\n<a class=\"gb-button gb-button-87e2a973 gb-button-text\" href=\"https:\/\/www.castellucciabogados.com\/en\/practise-areas\/family-law\/\"> More information <\/a>\n\n<\/div>\n<\/div><\/div><\/div>\n\n<div class=\"gb-grid-column gb-grid-column-449c090c\"><div class=\"gb-container gb-container-449c090c\"><div class=\"gb-inside-container\">\n\n<h3 class=\"gb-headline gb-headline-fb1e6230 gb-headline-text\">Road Traffic Law<\/h3>\n\n\n\n<p class=\"gb-headline gb-headline-f9381dea gb-headline-text\"> Are you currently looking for a lawyer specialised in road accidents? If you have suffered an accident as a driver, motorist, pedestrian, cyclist or passenger, do not hesitate any longer and contact us! At Castellucci Law Firm we want our clients to get the maximum compensation possible without having to worry about our fees. In fact, we only charge our customers after they get the money owed to them.  <\/p>\n\n\n<div class=\"gb-button-wrapper gb-button-wrapper-a465440e\">\n\n<a class=\"gb-button gb-button-b9aaf9ab gb-button-text\" href=\"https:\/\/www.castellucciabogados.com\/en\/practise-areas\/road-traffic-law\/\">More information<\/a>\n\n<\/div>\n<\/div><\/div><\/div>\n\n<div class=\"gb-grid-column gb-grid-column-39b53776\"><div class=\"gb-container gb-container-39b53776\"><div class=\"gb-inside-container\">\n\n<h3 class=\"gb-headline gb-headline-8ee6c047 gb-headline-text\">Civil Law<\/h3>\n\n\n\n<p class=\"gb-headline gb-headline-d60c8dc1 gb-headline-text\">Our team of lawyers will be in charge of defending your interests at the different Courts and Tribunals. Throughout our experience in civil law we have reaped a high percentage of favourable resolutions in relation to demands for claims of payment, evictions, and of course in family law. <\/p>\n\n\n<div class=\"gb-button-wrapper gb-button-wrapper-f64f977d\">\n\n<a class=\"gb-button gb-button-04423212 gb-button-text\" href=\"https:\/\/www.castellucciabogados.com\/en\/practise-areas\/civil-law\/\">More information<\/a>\n\n<\/div>\n<\/div><\/div><\/div>\n\n<div class=\"gb-grid-column gb-grid-column-717519fe\"><div class=\"gb-container gb-container-717519fe\"><div class=\"gb-inside-container\">\n\n<h3 class=\"gb-headline gb-headline-1b187b03 gb-headline-text\">Banking Law <\/h3>\n\n\n\n<p class=\"gb-headline gb-headline-1fc72949 gb-headline-text\">We live in a moment in history in which we see financial institutions not always acting in accordance with the due process and in a transparent manner, thus giving rise to a multitude of unhappy and disappointed clients who feel wronged because of the conduct of those entities that form the financial and banking area of our country.<\/p>\n\n\n<div class=\"gb-button-wrapper gb-button-wrapper-60a23841\">\n\n<a class=\"gb-button gb-button-85503911 gb-button-text\" href=\"https:\/\/www.castellucciabogados.com\/en\/practise-areas\/banking-law\/\">More information<\/a>\n\n<\/div>\n<\/div><\/div><\/div>\n\n<div class=\"gb-grid-column gb-grid-column-722a91df\"><div class=\"gb-container gb-container-722a91df\"><div class=\"gb-inside-container\">\n\n<h3 class=\"gb-headline gb-headline-efb08c19 gb-headline-text\">Criminal Law<\/h3>\n\n\n\n<p class=\"gb-headline gb-headline-3c634483 gb-headline-text\">Have you been the victim of a robbery or an assault? Have you been cheated in business? Does your ex-husband not pay maintenance? All these behaviours, which unfortunately are more common than they should be, are susceptible to criminal reproach. Whether you are the victim or if you are being accused of any of these crimes, we are prepared to give you the best assistance and legal advice. Have you been cheated in business? Does your ex-husband not pay child support? All of these behaviors, which unfortunately are more common than they should be, are subject to criminal prosecution. Whether you are the victim or you are being accused of any of these crimes, we are prepared to provide you with the best legal assistance and advice.<\/p>\n\n\n<div class=\"gb-button-wrapper gb-button-wrapper-6c4d1731\">\n\n<a class=\"gb-button gb-button-622b1922 gb-button-text\" href=\"https:\/\/www.castellucciabogados.com\/en\/practise-areas\/criminal-law\/\">More information<\/a>\n\n<\/div>\n<\/div><\/div><\/div>\n\n<div class=\"gb-grid-column gb-grid-column-3e2873f1\"><div class=\"gb-container gb-container-3e2873f1\"><div class=\"gb-inside-container\">\n\n<h3 class=\"gb-headline gb-headline-de58886e gb-headline-text\">Foreigners and immigration<\/h3>\n\n\n\n<p class=\"gb-headline gb-headline-ed6f4e09 gb-headline-text\">Your first step towards a better life begins with a consultation with a licensed immigration attorney. Our immigration and alien law attorneys have extensive experience in the field and are experts in providing legal guidance for your individual needs. We can assist you with passport renewals, visas, work permits and many other procedures. Our immigration and and immigration law attorneys have extensive experience in the field and are adept at providing legal guidance for your individual needs. We can help you with the renewal of passports, visas, work permits and many other procedures.<\/p>\n\n\n<div class=\"gb-button-wrapper gb-button-wrapper-676a3f17\">\n\n<a class=\"gb-button gb-button-8b349c19 gb-button-text\" href=\"https:\/\/www.castellucciabogados.com\/en\/practise-areas\/foreigners-and-immigration\/\">More information<\/a>\n\n<\/div>\n<\/div><\/div><\/div>\n<\/div>\n<\/div><\/section>\n\n<div class=\"gb-container gb-container-af9da66b\"><div class=\"gb-inside-container\">\n\n<p class=\"gb-headline gb-headline-07263766 gb-headline-text\">Our clients<\/p>\n\n\n<div class=\"gb-grid-wrapper gb-grid-wrapper-960de1a8\">\n<div class=\"gb-grid-column gb-grid-column-4a0c54a5\"><div class=\"gb-container gb-container-4a0c54a5\"><div class=\"gb-inside-container\">\n\n<div class=\"wp-block-image\"><figure class=\"aligncenter size-full\"><img loading=\"lazy\" decoding=\"async\" width=\"150\" height=\"150\" src=\"https:\/\/www.castellucciabogados.com\/wp-content\/uploads\/ara-small.jpg\" alt=\"\" class=\"wp-image-518\"\/><\/figure><\/div>\n\n<\/div><\/div><\/div>\n\n<div class=\"gb-grid-column gb-grid-column-0932836b\"><div class=\"gb-container gb-container-0932836b\"><div class=\"gb-inside-container\">\n\n<div class=\"wp-block-image\"><figure class=\"aligncenter size-full\"><img loading=\"lazy\" decoding=\"async\" width=\"113\" height=\"150\" src=\"https:\/\/www.castellucciabogados.com\/wp-content\/uploads\/blue-sky-small.jpg\" alt=\"\" class=\"wp-image-521\"\/><\/figure><\/div>\n\n<\/div><\/div><\/div>\n\n<div class=\"gb-grid-column gb-grid-column-6ee48d5c\"><div class=\"gb-container gb-container-6ee48d5c\"><div class=\"gb-inside-container\">\n\n<div class=\"wp-block-image\"><figure class=\"aligncenter size-full\"><img loading=\"lazy\" decoding=\"async\" width=\"365\" height=\"150\" src=\"https:\/\/www.castellucciabogados.com\/wp-content\/uploads\/image-small.jpg\" alt=\"\" class=\"wp-image-525\"\/><\/figure><\/div>\n\n<\/div><\/div><\/div>\n<\/div>\n<\/div><\/div>\n\n<div class=\"gb-container gb-container-b56e5389\"><div class=\"gb-inside-container\">\n\n<p class=\"gb-headline gb-headline-57834306 gb-headline-text\">Testimonies<\/p>\n\n\n<div class=\"gb-grid-wrapper gb-grid-wrapper-588d5d0b\">\n<div class=\"gb-grid-column gb-grid-column-4d49efdd\"><div class=\"gb-container gb-container-4d49efdd\"><div class=\"gb-inside-container\">\n<div class=\"gb-grid-wrapper gb-grid-wrapper-e9c84f01\">\n<div class=\"gb-grid-column gb-grid-column-f83cc816\"><div class=\"gb-container gb-container-f83cc816\"><div class=\"gb-inside-container\">\n\n<p class=\"gb-headline gb-headline-440b1791 gb-headline-text\">Recomiendo totalmente, Mar\u00eda gran profesional aportando transparencia , tranquilidad y buen hacer , siempre aconsejando , explicando y teniendo en cuenta cada posibilidad dada su experiencia. Nosotros, en nuestro caso no tenemos m\u00e1s que buenas palabras hacia su trabajo y agradecimiento por su empat\u00eda y buen hacer . recomiendo al 100x 100 y volver\u00eda a recurrir a ella en caso de necesitarlo . gracias Mar\u00eda.   <\/p>\n\n\n\n<p class=\"gb-headline gb-headline-484eba69 gb-headline-text\"><em>\u2013 Angela Gras<\/em><\/p>\n\n<\/div><\/div><\/div>\n<\/div>\n<\/div><\/div><\/div>\n\n<div class=\"gb-grid-column gb-grid-column-52692c7c\"><div class=\"gb-container gb-container-52692c7c\"><div class=\"gb-inside-container\">\n<div class=\"gb-grid-wrapper gb-grid-wrapper-b0044a1a\">\n<div class=\"gb-grid-column gb-grid-column-c1009c99\"><div class=\"gb-container gb-container-c1009c99\"><div class=\"gb-inside-container\">\n\n<p class=\"gb-headline gb-headline-9341a200 gb-headline-text\">Desde el primer momento la abogada estuvo muy atenta y siempre nos manten\u00eda al tanto de todo. Realizando el trabajo satisfactoriamente. Buen trato humano y buenos profesionales. Lo recomiendo.   <\/p>\n\n\n\n<p class=\"gb-headline gb-headline-4871d832 gb-headline-text\"><em>\u2013 Vanesa Algundiany<\/em><\/p>\n\n<\/div><\/div><\/div>\n<\/div>\n<\/div><\/div><\/div>\n\n<div class=\"gb-grid-column gb-grid-column-e4afe9a8\"><div class=\"gb-container gb-container-e4afe9a8\"><div class=\"gb-inside-container\">\n<div class=\"gb-grid-wrapper gb-grid-wrapper-ee9d6496\">\n<div class=\"gb-grid-column gb-grid-column-63ce8f53\"><div class=\"gb-container gb-container-63ce8f53\"><div class=\"gb-inside-container\">\n\n<p class=\"gb-headline gb-headline-141d57b2 gb-headline-text\">El a\u00f1o pasado un familiar m\u00edo necesit\u00f3 de la asistencia de un abogado para un delito de lesiones, contacto con Castellucci Abogados. El caso se llev\u00f3 de forma excelente y satisfactoria para mi familiar. Pasados los meses, yo sufr\u00ed un accidente de tr\u00e1fico bastante complejo. Sin ninguna duda y por la excelente forma de llevar el caso de mi familiar; inmediatamente deje mi caso en manos de Mar\u00eda. El trato y el contacto, durante todo el proceso, ha sido inmejorable; siempre se mantuvo en contacto conmigo, cada cambio que hab\u00eda me lo comunicaba, cada vez que hab\u00eda que tomar una decisi\u00f3n era conjunta y as\u00ed un largo etc\u00e9tera de elementos positivos. Lo \u00fanico que puedo decir es que recomiendo 100% a Castellucci. Un saludo.      <\/p>\n\n\n\n<p class=\"gb-headline gb-headline-392fb50c gb-headline-text\"><em>\u2013 Esther Bz<\/em><\/p>\n\n<\/div><\/div><\/div>\n<\/div>\n<\/div><\/div><\/div>\n\n<div class=\"gb-grid-column gb-grid-column-556d864d\"><div class=\"gb-container gb-container-556d864d\"><div class=\"gb-inside-container\">\n<div class=\"gb-grid-wrapper gb-grid-wrapper-2faaf758\">\n<div class=\"gb-grid-column gb-grid-column-e1fe98f2\"><div class=\"gb-container gb-container-e1fe98f2\"><div class=\"gb-inside-container\">\n\n<p class=\"gb-headline gb-headline-747552aa gb-headline-text\">Hola, soy Manuel Caralampio Barranco, conoc\u00ed a Maria Deisa hace ya un par de a\u00f1os por un tema legal del que gracias a su ayuda sal\u00ed satisfactoriamente contento. Despu\u00e9s he necesitado los servicios de este bufete y todav\u00eda a d\u00eda de hoy contin\u00fao con un par de procesos que Maria Deisa me est\u00e1 llevando. Creo firmemente en ella y en todo lo que me recomienda porque conozco m\u00e1s abogados pero nunca recib\u00ed un trato as\u00ed de ninguno de ellos. Para m\u00ed, sin duda, la mejor. Un 10 a su trabajo y entrega y espero que siga as\u00ed siempre. Encantado de que me represente Castellucci abogados ya que la confianza que me aportan es primordial en este tipo de cosas. Se dice que no se debe recomendar ni a abogados ni m\u00e9dicos, lo de los m\u00e9dicos lo entiendo, pero desde luego yo recomiendo a Castellucci a todos los que me conocen y siempre siempre acaban igual de contentos y tranquilos que yo. Eso no es casualidad, es profesionalidad en el trabajo que es lo que uno busca cuando necesita un abogado. Enhorabuena por tu trabajo!!!!!!!        <\/p>\n\n\n\n<p class=\"gb-headline gb-headline-a9904f28 gb-headline-text\"><em>\u2013 Daniel Caralampio Barranco<\/em><\/p>\n\n<\/div><\/div><\/div>\n<\/div>\n<\/div><\/div><\/div>\n\n<div class=\"gb-grid-column gb-grid-column-6ac3ecd4\"><div class=\"gb-container gb-container-6ac3ecd4\"><div class=\"gb-inside-container\">\n<div class=\"gb-grid-wrapper gb-grid-wrapper-42500ddb\">\n<div class=\"gb-grid-column gb-grid-column-e9163712\"><div class=\"gb-container gb-container-e9163712\"><div class=\"gb-inside-container\">\n\n<p class=\"gb-headline gb-headline-89b72bc4 gb-headline-text\">Amazing client attention and they get results needed.<\/p>\n\n\n\n<p class=\"gb-headline gb-headline-7697d09f gb-headline-text\"><em>\u2013 Carlo Mason<\/em><\/p>\n\n<\/div><\/div><\/div>\n<\/div>\n<\/div><\/div><\/div>\n<\/div>\n<\/div><\/div>\n\n","protected":false},"excerpt":{"rendered":"<p>Law Firm in Madrid Our areas of practice Our clients Testimonies<\/p>\n","protected":false},"author":1,"featured_media":0,"parent":0,"menu_order":0,"comment_status":"closed","ping_status":"closed","template":"","meta":{"footnotes":""},"class_list":["post-529","page","type-page","status-publish"],"_links":{"self":[{"href":"https:\/\/www.castellucciabogados.com\/en\/wp-json\/wp\/v2\/pages\/529","targetHints":{"allow":["GET"]}}],"collection":[{"href":"https:\/\/www.castellucciabogados.com\/en\/wp-json\/wp\/v2\/pages"}],"about":[{"href":"https:\/\/www.castellucciabogados.com\/en\/wp-json\/wp\/v2\/types\/page"}],"author":[{"embeddable":true,"href":"https:\/\/www.castellucciabogados.com\/en\/wp-json\/wp\/v2\/users\/1"}],"replies":[{"embeddable":true,"href":"https:\/\/www.castellucciabogados.com\/en\/wp-json\/wp\/v2\/comments?post=529"}],"version-history":[{"count":3,"href":"https:\/\/www.castellucciabogados.com\/en\/wp-json\/wp\/v2\/pages\/529\/revisions"}],"predecessor-version":[{"id":638,"href":"https:\/\/www.castellucciabogados.com\/en\/wp-json\/wp\/v2\/pages\/529\/revisions\/638"}],"wp:attachment":[{"href":"https:\/\/www.castellucciabogados.com\/en\/wp-json\/wp\/v2\/media?parent=529"}],"curies":[{"name":"wp","href":"https:\/\/api.w.org\/{rel}","templated":true}]}}